{"id":31,"date":"2026-03-12T11:01:24","date_gmt":"2026-03-12T11:01:24","guid":{"rendered":"https:\/\/nasiona-marihuany-katowice.pl\/?page_id=31"},"modified":"2026-03-13T07:26:52","modified_gmt":"2026-03-13T07:26:52","slug":"growshop-katowice-nasiona-marihuany","status":"publish","type":"page","link":"https:\/\/nasiona-marihuany-katowice.pl\/index.php\/growshop-katowice-nasiona-marihuany\/","title":{"rendered":"Growshop Katowice Nasiona Marihuany"},"content":{"rendered":"\n<p>Opr\u00f3cz sklepu z nasionami kolekcjonerskimi w Katowicach dzia\u0142a r\u00f3wnie\u017c growshop oferuj\u0105cy profesjonalny sprz\u0119t do uprawy ro\u015blin. Jednym z najbardziej znanych miejsc jest <a href=\"https:\/\/tanieuprawianie.pl\">growshop <strong>TanieUprawianie.pl<\/strong><\/a>, kt\u00f3ry oferuje szeroki wyb\u00f3r lamp LED, growbox\u00f3w, nawoz\u00f3w oraz akcesori\u00f3w do uprawy indoor.<\/p>\n\n\n\n<figure class=\"wp-block-image aligncenter size-large\"><img loading=\"lazy\" decoding=\"async\" width=\"1024\" height=\"768\" src=\"https:\/\/nasiona-marihuany-katowice.pl\/wp-content\/uploads\/2026\/03\/meganasiona-seedbank-1024x768.jpg\" alt=\"\" class=\"wp-image-67\" srcset=\"https:\/\/nasiona-marihuany-katowice.pl\/wp-content\/uploads\/2026\/03\/meganasiona-seedbank-1024x768.jpg 1024w, https:\/\/nasiona-marihuany-katowice.pl\/wp-content\/uploads\/2026\/03\/meganasiona-seedbank-300x225.jpg 300w, https:\/\/nasiona-marihuany-katowice.pl\/wp-content\/uploads\/2026\/03\/meganasiona-seedbank-768x576.jpg 768w, https:\/\/nasiona-marihuany-katowice.pl\/wp-content\/uploads\/2026\/03\/meganasiona-seedbank-1536x1152.jpg 1536w, https:\/\/nasiona-marihuany-katowice.pl\/wp-content\/uploads\/2026\/03\/meganasiona-seedbank.jpg 2048w\" sizes=\"auto, (max-width: 1024px) 100vw, 1024px\" \/><\/figure>\n\n\n\n<p>Sklep znajduje si\u0119 w Katowicach przy ulicy <strong>Aleja Walentego Ro\u017adzie\u0144skiego <\/strong>i oferuje zar\u00f3wno sprzeda\u017c stacjonarn\u0105, jak i internetow\u0105. W ofercie znajduj\u0105 si\u0119 mi\u0119dzy innymi o\u015bwietlenie do ro\u015blin, systemy wentylacji, nawozy oraz kompletne zestawy do uprawy.<\/p>\n\n\n\n<p>Dzi\u0119ki temu osoby zainteresowane kolekcjonowaniem genetyki konopi mog\u0105 znale\u017a\u0107 w jednym miejscu zar\u00f3wno nasiona, jak i sprz\u0119t ogrodniczy potrzebny do uprawy ro\u015blin.<\/p>\n\n\n\n<div class=\"wp-block-group has-global-padding is-layout-constrained wp-block-group-is-layout-constrained\">\n<iframe src=\"https:\/\/www.google.com\/maps\/embed?pb=!1m18!1m12!1m3!1d2550.405385072429!2d19.056100092836!3d50.26568892732031!2m3!1f0!2f0!3f0!3m2!1i1024!2i768!4f13.1!3m3!1m2!1s0x4716ce20a63007bb%3A0xea4386b29696b4e!2s%F0%9F%8E%AF%20Growshop%20Katowice%20%7C%20TanieUprawianie.pl!5e0!3m2!1spl!2spl!4v1773361266399!5m2!1spl!2spl\" width=\"600\" height=\"450\" style=\"border:0;\" allowfullscreen=\"\" loading=\"lazy\" referrerpolicy=\"no-referrer-when-downgrade\"><\/iframe>\n<\/div>\n\n\n\n<p><\/p>\n","protected":false},"excerpt":{"rendered":"<p>Opr\u00f3cz sklepu z nasionami kolekcjonerskimi w Katowicach dzia\u0142a r\u00f3wnie\u017c growshop oferuj\u0105cy profesjonalny sprz\u0119t do uprawy ro\u015blin. Jednym z najbardziej znanych miejsc jest growshop TanieUprawianie.pl, kt\u00f3ry oferuje szeroki wyb\u00f3r lamp LED, growbox\u00f3w, nawoz\u00f3w oraz akcesori\u00f3w do uprawy indoor. Sklep znajduje si\u0119 w Katowicach przy ulicy Aleja Walentego Ro\u017adzie\u0144skiego i oferuje zar\u00f3wno sprzeda\u017c stacjonarn\u0105, jak i internetow\u0105. [&hellip;]<\/p>\n","protected":false},"author":1,"featured_media":0,"parent":0,"menu_order":0,"comment_status":"closed","ping_status":"closed","template":"","meta":{"footnotes":""},"class_list":["post-31","page","type-page","status-publish","hentry"],"_links":{"self":[{"href":"https:\/\/nasiona-marihuany-katowice.pl\/index.php\/wp-json\/wp\/v2\/pages\/31","targetHints":{"allow":["GET"]}}],"collection":[{"href":"https:\/\/nasiona-marihuany-katowice.pl\/index.php\/wp-json\/wp\/v2\/pages"}],"about":[{"href":"https:\/\/nasiona-marihuany-katowice.pl\/index.php\/wp-json\/wp\/v2\/types\/page"}],"author":[{"embeddable":true,"href":"https:\/\/nasiona-marihuany-katowice.pl\/index.php\/wp-json\/wp\/v2\/users\/1"}],"replies":[{"embeddable":true,"href":"https:\/\/nasiona-marihuany-katowice.pl\/index.php\/wp-json\/wp\/v2\/comments?post=31"}],"version-history":[{"count":5,"href":"https:\/\/nasiona-marihuany-katowice.pl\/index.php\/wp-json\/wp\/v2\/pages\/31\/revisions"}],"predecessor-version":[{"id":68,"href":"https:\/\/nasiona-marihuany-katowice.pl\/index.php\/wp-json\/wp\/v2\/pages\/31\/revisions\/68"}],"wp:attachment":[{"href":"https:\/\/nasiona-marihuany-katowice.pl\/index.php\/wp-json\/wp\/v2\/media?parent=31"}],"curies":[{"name":"wp","href":"https:\/\/api.w.org\/{rel}","templated":true}]}}